{"id":5491,"date":"2024-12-20T13:37:35","date_gmt":"2024-12-20T16:37:35","guid":{"rendered":"https:\/\/www.bfvpp.com\/?page_id=5491"},"modified":"2024-12-20T13:40:25","modified_gmt":"2024-12-20T16:40:25","slug":"conversation-credits-iole-de-freitas","status":"publish","type":"page","link":"https:\/\/www.bfvpp.com\/en\/conversation-credits-iole-de-freitas\/","title":{"rendered":"Conversation credits : Iole de Freitas"},"content":{"rendered":"\n<h2 class=\"wp-block-heading\" id=\"conversation-credits-iole-de-freitas\"><strong>Conversation credits : Iole de Freitas<\/strong><\/h2>\n\n\n\n<p>2019<br>Brazil<br>28\u201956\u201d <\/p>\n\n\n\n<p><br><strong>Cria\u00e7\u00e3o e supervis\u00e3o do BFVPP<\/strong>: Vivian Ostrovsky<br><strong>Dire\u00e7\u00e3o de set e argumento de grava\u00e7\u00e3o:<\/strong> Clarisse Rivera<br><strong>Dire\u00e7\u00e3o de fotografia:<\/strong> Louise Botkay<br><strong>Som direto:<\/strong> Altyr Pereira<br><strong>Montagem:<\/strong> Alice Furtado<br><strong>Edi\u00e7\u00e3o de som e mixagem:<\/strong> Bernardo Girauta<br><strong>Consultoria:<\/strong> Marisa Fl\u00f3rido, Kelly Gordon<br><strong>Produ\u00e7\u00e3o:<\/strong> Joice Scavone, Paula Lacerda<br><strong>Pesquisa e licenciamento:<\/strong> Alexandre Gouin<br><strong>Assist\u00eancia t\u00e9cnica<\/strong>: Beatriz Lira<br><strong>Assist\u00eancia de montagem: <\/strong>Alexandre Gouin<br><strong>Assessoria jur\u00eddica:<\/strong> Lemos Assessoria<br><strong>Motorista:<\/strong> Lula Casado<br><strong>Equipamento:<\/strong> Rob Lis Produ\u00e7\u00f5es<br><\/p>\n\n\n\n<p><strong>Filmes e V\u00eddeos<\/strong><\/p>\n\n\n\n<p>IOLE DE FREITAS<br>Elements, 1972<br>Light Work, 1972<br>Exit, 1973<\/p>\n\n\n\n<p>BABETTE MANGOLTE<br>Water Motor, 1978<\/p>\n\n\n\n<p>JOAN JONAS<br>Organic Honey&#8217;s Vertical Roll, 1976<\/p>\n\n\n\n<p>MERCE CUNNINGHAM<br>Variations V, 1966<br>MEREDITH MONK<br>16mm earrgins, 1966<\/p>\n\n\n\n<p>STAN VANDERBEEK<br>Dances\/Bob Rauschenberg, 1965<\/p>\n\n\n\n<p>YVES KLEIN<br>Anthropom\u00e9trie de l&#8217;\u00e9poque bleue, 1960<\/p>\n\n\n\n<p>YVONNE RAINER<br>Trio A, 1978<\/p>\n\n\n\n<p><strong>Imagens fixas<\/strong><\/p>\n\n\n\n<p>IOLE DE FREITAS<br>P\u00e9s, 1972<br>Spectro, 1972<br>Cacos de Vidro, 1973<br>Nova e Vesta, 1973<br>Introvert\/penetrate; extrovert\/penetrate; fear\/do not penetrate, 1973-1974<br>Glass pieces, life slices, 1975-1980<br>Cacos de rosto, 1976<br>Fio de faca, 1976<\/p>\n\n\n\n<p><br>ANNETTE MESSAGER<br>Ma collection de proverbes, 1974<\/p>\n\n\n\n<p><strong>Agradecimentos Especiais<br><br><\/strong>Iole de Freitas<\/p>\n\n\n\n<p>Lori Zippay, Jon Dieringer<br>Electronic Arts Intermix, NYC<\/p>\n\n\n\n<p>Solange Farkas, Van Fresnot<br>Associa\u00e7\u00e3o Cultural Videobrasil, SP<\/p>\n\n\n\n<p><strong>Agradecimentos<\/strong><\/p>\n\n\n\n<p>Ana Kemper<br>Annette Messager<br>Arquivo Nacional<br>Babette Mangolte<br>Brunhild Ferrari<br>Caroline Nascimento<br>David Forell<br>Delfina de Araujo<br>Estate of Stan Vanderbeek<br>Fondazione Adrian Olivetti<br>Instituto de Arte Contempor\u00e2nea<br>Joan JonasJo\u00e3o Vergara<br>Jorge Antunes<br>Lester Ledesma<br>Luana Cabral<br>Lucia Alberton<br>Maria Byington<br>Marilucia Bottallo<br>Maxime Barthelemy<br>Merce Cunningham<br>Meredith Monk<br>Paula Watson<br>Sergio Araujo<br>Sergio Pranzl<br>Sonia Salzstein<br>Sylvio Eduardo Novello<br>Tania Queiroz<br>Trisha Brown<br>Vieira Rezende Advogados<br>Yves Klein<br>Yvonne Rainer<\/p>\n\n\n\n<p><\/p>\n","protected":false},"excerpt":{"rendered":"<p>Conversation credits : Iole de Freitas 2019Brazil28\u201956\u201d Cria\u00e7\u00e3o e supervis\u00e3o do BFVPP: Vivian OstrovskyDire\u00e7\u00e3o de set e argumento de grava\u00e7\u00e3o: Clarisse RiveraDire\u00e7\u00e3o de fotografia: Louise BotkaySom direto: Altyr PereiraMontagem: Alice FurtadoEdi\u00e7\u00e3o de som e mixagem: Bernardo GirautaConsultoria: Marisa Fl\u00f3rido, Kelly GordonProdu\u00e7\u00e3o: Joice Scavone, Paula LacerdaPesquisa e licenciamento: Alexandre GouinAssist\u00eancia t\u00e9cnica: Beatriz LiraAssist\u00eancia de montagem: Alexandre [&hellip;]<\/p>\n","protected":false},"author":16,"featured_media":0,"parent":0,"menu_order":0,"comment_status":"closed","ping_status":"closed","template":"","meta":{"_acf_changed":false,"_gspb_post_css":"","footnotes":""},"class_list":["post-5491","page","type-page","status-publish","hentry"],"acf":[],"yoast_head":"<!-- This site is optimized with the Yoast SEO plugin v27.4 - https:\/\/yoast.com\/product\/yoast-seo-wordpress\/ -->\n<title>Conversation credits : Iole de Freitas - Brazilian Film &amp; Video Preservation Project<\/title>\n<meta name=\"robots\" content=\"index, follow, max-snippet:-1, max-image-preview:large, max-video-preview:-1\" \/>\n<link rel=\"canonical\" href=\"https:\/\/www.bfvpp.com\/en\/conversation-credits-iole-de-freitas\/\" \/>\n<meta property=\"og:locale\" content=\"en_US\" \/>\n<meta property=\"og:type\" content=\"article\" \/>\n<meta property=\"og:title\" content=\"Conversation credits : Iole de Freitas - Brazilian Film &amp; Video Preservation Project\" \/>\n<meta property=\"og:description\" content=\"Conversation credits : Iole de Freitas 2019Brazil28\u201956\u201d Cria\u00e7\u00e3o e supervis\u00e3o do BFVPP: Vivian OstrovskyDire\u00e7\u00e3o de set e argumento de grava\u00e7\u00e3o: Clarisse RiveraDire\u00e7\u00e3o de fotografia: Louise BotkaySom direto: Altyr PereiraMontagem: Alice FurtadoEdi\u00e7\u00e3o de som e mixagem: Bernardo GirautaConsultoria: Marisa Fl\u00f3rido, Kelly GordonProdu\u00e7\u00e3o: Joice Scavone, Paula LacerdaPesquisa e licenciamento: Alexandre GouinAssist\u00eancia t\u00e9cnica: Beatriz LiraAssist\u00eancia de montagem: Alexandre [&hellip;]\" \/>\n<meta property=\"og:url\" content=\"https:\/\/www.bfvpp.com\/en\/conversation-credits-iole-de-freitas\/\" \/>\n<meta property=\"og:site_name\" content=\"Brazilian Film &amp; Video Preservation Project\" \/>\n<meta property=\"article:modified_time\" content=\"2024-12-20T16:40:25+00:00\" \/>\n<meta name=\"twitter:card\" content=\"summary_large_image\" \/>\n<meta name=\"twitter:label1\" content=\"Est. reading time\" \/>\n\t<meta name=\"twitter:data1\" content=\"1 minute\" \/>\n<script type=\"application\/ld+json\" class=\"yoast-schema-graph\">{\"@context\":\"https:\\\/\\\/schema.org\",\"@graph\":[{\"@type\":\"WebPage\",\"@id\":\"https:\\\/\\\/www.bfvpp.com\\\/en\\\/conversation-credits-iole-de-freitas\\\/\",\"url\":\"https:\\\/\\\/www.bfvpp.com\\\/en\\\/conversation-credits-iole-de-freitas\\\/\",\"name\":\"Conversation credits : Iole de Freitas - Brazilian Film &amp; Video Preservation Project\",\"isPartOf\":{\"@id\":\"https:\\\/\\\/www.bfvpp.com\\\/#website\"},\"datePublished\":\"2024-12-20T16:37:35+00:00\",\"dateModified\":\"2024-12-20T16:40:25+00:00\",\"breadcrumb\":{\"@id\":\"https:\\\/\\\/www.bfvpp.com\\\/en\\\/conversation-credits-iole-de-freitas\\\/#breadcrumb\"},\"inLanguage\":\"en-US\",\"potentialAction\":[{\"@type\":\"ReadAction\",\"target\":[\"https:\\\/\\\/www.bfvpp.com\\\/en\\\/conversation-credits-iole-de-freitas\\\/\"]}]},{\"@type\":\"BreadcrumbList\",\"@id\":\"https:\\\/\\\/www.bfvpp.com\\\/en\\\/conversation-credits-iole-de-freitas\\\/#breadcrumb\",\"itemListElement\":[{\"@type\":\"ListItem\",\"position\":1,\"name\":\"Home\",\"item\":\"https:\\\/\\\/www.bfvpp.com\\\/\"},{\"@type\":\"ListItem\",\"position\":2,\"name\":\"Conversation credits : Iole de Freitas\"}]},{\"@type\":\"WebSite\",\"@id\":\"https:\\\/\\\/www.bfvpp.com\\\/#website\",\"url\":\"https:\\\/\\\/www.bfvpp.com\\\/\",\"name\":\"Brazilian Film & Video Preservation Project\",\"description\":\"\",\"publisher\":{\"@id\":\"https:\\\/\\\/www.bfvpp.com\\\/#organization\"},\"potentialAction\":[{\"@type\":\"SearchAction\",\"target\":{\"@type\":\"EntryPoint\",\"urlTemplate\":\"https:\\\/\\\/www.bfvpp.com\\\/?s={search_term_string}\"},\"query-input\":{\"@type\":\"PropertyValueSpecification\",\"valueRequired\":true,\"valueName\":\"search_term_string\"}}],\"inLanguage\":\"en-US\"},{\"@type\":\"Organization\",\"@id\":\"https:\\\/\\\/www.bfvpp.com\\\/#organization\",\"name\":\"Brazilian Film & Video Preservation Project\",\"url\":\"https:\\\/\\\/www.bfvpp.com\\\/\",\"logo\":{\"@type\":\"ImageObject\",\"inLanguage\":\"en-US\",\"@id\":\"https:\\\/\\\/www.bfvpp.com\\\/#\\\/schema\\\/logo\\\/image\\\/\",\"url\":\"https:\\\/\\\/www.bfvpp.com\\\/v2\\\/wp-content\\\/uploads\\\/2023\\\/12\\\/7.png\",\"contentUrl\":\"https:\\\/\\\/www.bfvpp.com\\\/v2\\\/wp-content\\\/uploads\\\/2023\\\/12\\\/7.png\",\"width\":320,\"height\":320,\"caption\":\"Brazilian Film & Video Preservation Project\"},\"image\":{\"@id\":\"https:\\\/\\\/www.bfvpp.com\\\/#\\\/schema\\\/logo\\\/image\\\/\"},\"sameAs\":[\"https:\\\/\\\/www.instagram.com\\\/bfvpp_off\\\/\"]}]}<\/script>\n<!-- \/ Yoast SEO plugin. -->","yoast_head_json":{"title":"Conversation credits : Iole de Freitas - Brazilian Film &amp; Video Preservation Project","robots":{"index":"index","follow":"follow","max-snippet":"max-snippet:-1","max-image-preview":"max-image-preview:large","max-video-preview":"max-video-preview:-1"},"canonical":"https:\/\/www.bfvpp.com\/en\/conversation-credits-iole-de-freitas\/","og_locale":"en_US","og_type":"article","og_title":"Conversation credits : Iole de Freitas - Brazilian Film &amp; Video Preservation Project","og_description":"Conversation credits : Iole de Freitas 2019Brazil28\u201956\u201d Cria\u00e7\u00e3o e supervis\u00e3o do BFVPP: Vivian OstrovskyDire\u00e7\u00e3o de set e argumento de grava\u00e7\u00e3o: Clarisse RiveraDire\u00e7\u00e3o de fotografia: Louise BotkaySom direto: Altyr PereiraMontagem: Alice FurtadoEdi\u00e7\u00e3o de som e mixagem: Bernardo GirautaConsultoria: Marisa Fl\u00f3rido, Kelly GordonProdu\u00e7\u00e3o: Joice Scavone, Paula LacerdaPesquisa e licenciamento: Alexandre GouinAssist\u00eancia t\u00e9cnica: Beatriz LiraAssist\u00eancia de montagem: Alexandre [&hellip;]","og_url":"https:\/\/www.bfvpp.com\/en\/conversation-credits-iole-de-freitas\/","og_site_name":"Brazilian Film &amp; Video Preservation Project","article_modified_time":"2024-12-20T16:40:25+00:00","twitter_card":"summary_large_image","twitter_misc":{"Est. reading time":"1 minute"},"schema":{"@context":"https:\/\/schema.org","@graph":[{"@type":"WebPage","@id":"https:\/\/www.bfvpp.com\/en\/conversation-credits-iole-de-freitas\/","url":"https:\/\/www.bfvpp.com\/en\/conversation-credits-iole-de-freitas\/","name":"Conversation credits : Iole de Freitas - Brazilian Film &amp; Video Preservation Project","isPartOf":{"@id":"https:\/\/www.bfvpp.com\/#website"},"datePublished":"2024-12-20T16:37:35+00:00","dateModified":"2024-12-20T16:40:25+00:00","breadcrumb":{"@id":"https:\/\/www.bfvpp.com\/en\/conversation-credits-iole-de-freitas\/#breadcrumb"},"inLanguage":"en-US","potentialAction":[{"@type":"ReadAction","target":["https:\/\/www.bfvpp.com\/en\/conversation-credits-iole-de-freitas\/"]}]},{"@type":"BreadcrumbList","@id":"https:\/\/www.bfvpp.com\/en\/conversation-credits-iole-de-freitas\/#breadcrumb","itemListElement":[{"@type":"ListItem","position":1,"name":"Home","item":"https:\/\/www.bfvpp.com\/"},{"@type":"ListItem","position":2,"name":"Conversation credits : Iole de Freitas"}]},{"@type":"WebSite","@id":"https:\/\/www.bfvpp.com\/#website","url":"https:\/\/www.bfvpp.com\/","name":"Brazilian Film & Video Preservation Project","description":"","publisher":{"@id":"https:\/\/www.bfvpp.com\/#organization"},"potentialAction":[{"@type":"SearchAction","target":{"@type":"EntryPoint","urlTemplate":"https:\/\/www.bfvpp.com\/?s={search_term_string}"},"query-input":{"@type":"PropertyValueSpecification","valueRequired":true,"valueName":"search_term_string"}}],"inLanguage":"en-US"},{"@type":"Organization","@id":"https:\/\/www.bfvpp.com\/#organization","name":"Brazilian Film & Video Preservation Project","url":"https:\/\/www.bfvpp.com\/","logo":{"@type":"ImageObject","inLanguage":"en-US","@id":"https:\/\/www.bfvpp.com\/#\/schema\/logo\/image\/","url":"https:\/\/www.bfvpp.com\/v2\/wp-content\/uploads\/2023\/12\/7.png","contentUrl":"https:\/\/www.bfvpp.com\/v2\/wp-content\/uploads\/2023\/12\/7.png","width":320,"height":320,"caption":"Brazilian Film & Video Preservation Project"},"image":{"@id":"https:\/\/www.bfvpp.com\/#\/schema\/logo\/image\/"},"sameAs":["https:\/\/www.instagram.com\/bfvpp_off\/"]}]}},"_links":{"self":[{"href":"https:\/\/www.bfvpp.com\/en\/wp-json\/wp\/v2\/pages\/5491","targetHints":{"allow":["GET"]}}],"collection":[{"href":"https:\/\/www.bfvpp.com\/en\/wp-json\/wp\/v2\/pages"}],"about":[{"href":"https:\/\/www.bfvpp.com\/en\/wp-json\/wp\/v2\/types\/page"}],"author":[{"embeddable":true,"href":"https:\/\/www.bfvpp.com\/en\/wp-json\/wp\/v2\/users\/16"}],"replies":[{"embeddable":true,"href":"https:\/\/www.bfvpp.com\/en\/wp-json\/wp\/v2\/comments?post=5491"}],"version-history":[{"count":1,"href":"https:\/\/www.bfvpp.com\/en\/wp-json\/wp\/v2\/pages\/5491\/revisions"}],"predecessor-version":[{"id":5492,"href":"https:\/\/www.bfvpp.com\/en\/wp-json\/wp\/v2\/pages\/5491\/revisions\/5492"}],"wp:attachment":[{"href":"https:\/\/www.bfvpp.com\/en\/wp-json\/wp\/v2\/media?parent=5491"}],"curies":[{"name":"wp","href":"https:\/\/api.w.org\/{rel}","templated":true}]}}